{"id":416,"date":"2024-02-16T05:24:01","date_gmt":"2024-02-16T05:24:01","guid":{"rendered":"https:\/\/baranoid.com\/?page_id=416"},"modified":"2025-10-15T06:23:52","modified_gmt":"2025-10-15T06:23:52","slug":"hakkinda","status":"publish","type":"page","link":"https:\/\/baranoid.com\/?page_id=416","title":{"rendered":"Hakk\u0131nda"},"content":{"rendered":"\n<figure class=\"wp-block-gallery has-nested-images columns-default is-cropped wp-block-gallery-1 is-layout-flex wp-block-gallery-is-layout-flex\">\n<figure class=\"wp-block-image size-large\"><img loading=\"lazy\" decoding=\"async\" width=\"683\" height=\"1024\" data-id=\"418\" src=\"https:\/\/baranoid.com\/wp-content\/uploads\/2024\/02\/DSCF2152-2-1-683x1024.jpg\" alt=\"\" class=\"wp-image-418\" srcset=\"https:\/\/baranoid.com\/wp-content\/uploads\/2024\/02\/DSCF2152-2-1-683x1024.jpg 683w, https:\/\/baranoid.com\/wp-content\/uploads\/2024\/02\/DSCF2152-2-1-200x300.jpg 200w, https:\/\/baranoid.com\/wp-content\/uploads\/2024\/02\/DSCF2152-2-1-768x1152.jpg 768w, https:\/\/baranoid.com\/wp-content\/uploads\/2024\/02\/DSCF2152-2-1-1024x1536.jpg 1024w, https:\/\/baranoid.com\/wp-content\/uploads\/2024\/02\/DSCF2152-2-1.jpg 1365w\" sizes=\"auto, (max-width: 683px) 100vw, 683px\" \/><\/figure>\n\n\n\n<figure class=\"wp-block-image size-large\"><img loading=\"lazy\" decoding=\"async\" width=\"1024\" height=\"1009\" data-id=\"419\" src=\"https:\/\/baranoid.com\/wp-content\/uploads\/2024\/02\/Screen-Shot-2022-04-27-at-13.09.07-1024x1009.png\" alt=\"\" class=\"wp-image-419\" srcset=\"https:\/\/baranoid.com\/wp-content\/uploads\/2024\/02\/Screen-Shot-2022-04-27-at-13.09.07-1024x1009.png 1024w, https:\/\/baranoid.com\/wp-content\/uploads\/2024\/02\/Screen-Shot-2022-04-27-at-13.09.07-300x296.png 300w, https:\/\/baranoid.com\/wp-content\/uploads\/2024\/02\/Screen-Shot-2022-04-27-at-13.09.07-768x757.png 768w, https:\/\/baranoid.com\/wp-content\/uploads\/2024\/02\/Screen-Shot-2022-04-27-at-13.09.07-1536x1513.png 1536w, https:\/\/baranoid.com\/wp-content\/uploads\/2024\/02\/Screen-Shot-2022-04-27-at-13.09.07.png 1604w\" sizes=\"auto, (max-width: 1024px) 100vw, 1024px\" \/><\/figure>\n<\/figure>\n\n\n\n<hr class=\"wp-block-separator has-alpha-channel-opacity\"\/>\n\n\n\n<p class=\"has-small-font-size\">Baran, 1984 \u0130zmir do\u011fumlu. M\u00fczik yapmaya 14 ya\u015flar\u0131nda s\u0131n\u0131f arkada\u015f\u0131ndan \u00f6d\u00fcn\u00e7 ald\u0131\u011f\u0131 gitar\u0131 t\u0131ng\u0131rdatarak ba\u015flad\u0131. \u00c7ok ge\u00e7meden \u0130zmir\u2019in yeralt\u0131 hardcore \/ nu metal gruplar\u0131ndan M.U.G.\u2019\u0131n vokalistli\u011fine terfi etti. Dostlar\u0131 Fatih, Melih ve Ak\u0131n ile bu maceray\u0131 6-7 y\u0131l kadar s\u00fcrd\u00fcrd\u00fcler.<\/p>\n\n\n\n<p><\/p>\n\n\n\n<p class=\"has-small-font-size\">Baran, \u00fcniversite d\u00f6neminin bitmesi ve M.U.G.&#8217;\u0131n da\u011f\u0131lmas\u0131 ile m\u00fczik maceralar\u0131na bir s\u00fcre phoseptic grubunda ve daha sonra tek ba\u015f\u0131na bilgisayar ba\u015f\u0131nda elektronik m\u00fczik yaparak devam etti. Bilgisayarda \u00fc\u00e7 be\u015f \u015fark\u0131 yapt\u0131ktan sonra e\u011fitimini m\u00fczik alan\u0131nda s\u00fcrd\u00fcrme hayallerine kap\u0131ld\u0131.<\/p>\n\n\n\n<figure class=\"wp-block-image size-large\"><img loading=\"lazy\" decoding=\"async\" width=\"1024\" height=\"683\" src=\"https:\/\/baranoid.com\/wp-content\/uploads\/2025\/01\/mug_baran-1-1024x683.jpg\" alt=\"\" class=\"wp-image-624\" srcset=\"https:\/\/baranoid.com\/wp-content\/uploads\/2025\/01\/mug_baran-1-1024x683.jpg 1024w, https:\/\/baranoid.com\/wp-content\/uploads\/2025\/01\/mug_baran-1-300x200.jpg 300w, https:\/\/baranoid.com\/wp-content\/uploads\/2025\/01\/mug_baran-1-768x512.jpg 768w, https:\/\/baranoid.com\/wp-content\/uploads\/2025\/01\/mug_baran-1.jpg 1280w\" sizes=\"auto, (max-width: 1024px) 100vw, 1024px\" \/><figcaption class=\"wp-element-caption\">M.U.G. konseri: Gitarist Fatih solda, Bas\u00e7\u0131 Ak\u0131n Sa\u011fda, Vokalist Baran ortada, y\u0131l belki 2008 falan.<\/figcaption><\/figure>\n\n\n\n<p class=\"has-small-font-size\">Fakat bir yandan etraftaki i\u015f g\u00fc\u00e7 sahibi insanlardan hissetti\u011fi bask\u0131, di\u011fer yandan evden gelen \u201cNe zaman adam olacaks\u0131n?\u201d temal\u0131 d\u0131rd\u0131rlar sebebiyle m\u00fczik maceralar\u0131na ara verip ba\u011f\u0131ms\u0131zl\u0131\u011f\u0131n\u0131 kazanmas\u0131 gerekti\u011fine karar verdi. Bu vesile ile enerji alan\u0131nda y\u00fcksek lisans yaparak kendini beyaz yakal\u0131lar\u0131n d\u00fcnyas\u0131na att\u0131.<\/p>\n\n\n\n<p><\/p>\n\n\n\n<p class=\"has-small-font-size\">Yakla\u015f\u0131k d\u00f6rt y\u0131l boyunca Ayd\u0131n&#8217;da ya\u015fay\u0131p \u00e7al\u0131\u015ft\u0131. Bu d\u00f6nem boyunca gitar\u0131n\u0131 t\u0131ng\u0131rdatmaya ve kay\u0131tlar yapmaya devam etti. 2015 y\u0131l\u0131nda kar\u015f\u0131s\u0131na \u00e7\u0131kan yurt d\u0131\u015f\u0131nda \u00e7al\u0131\u015fma f\u0131rsat\u0131n\u0131 de\u011ferlendirip, zaten son zamanlar pek de tat vermeyen \u00fclkesine veda etti.<\/p>\n\n\n\n<p><\/p>\n\n\n\n<p class=\"has-small-font-size\">Baran, yurtd\u0131\u015f\u0131ndaki ilk y\u0131llar\u0131n\u0131 m\u00fczik ve sokak foto\u011fraf\u00e7\u0131l\u0131\u011f\u0131 ile doldurdu. 2020\u2019de pandemiyle eve kapan\u0131nca bir orta ya\u015f existential crisis&#8217;\u0131na girerek gen\u00e7li\u011findeki m\u00fczik hayallerini sorgulamaya ba\u015flad\u0131. Bu kez farkl\u0131 bir perspektiften bakarak m\u00fczik yapma s\u00fcrecini nas\u0131l daha verimli hale getirebilece\u011fini analiz etmeye odakland\u0131.<\/p>\n\n\n\n<p><\/p>\n\n\n\n<p>Bu do\u011frultuda t\u0131pk\u0131 eski M.U.G. g\u00fcnlerindeki gibi temel ses yelpazesini gitar, bas ve davul ile s\u0131n\u0131rlad\u0131, vokale geri d\u00f6nd\u00fc. \u00dcretkenli\u011fini artt\u0131rmak i\u00e7in miks ve mastering i\u015flerini d\u0131\u015far\u0131ya devretti ve b\u00f6ylece baranoid projesinin \u00f6n\u00fc iyice a\u00e7\u0131ld\u0131.<\/p>\n\n\n\n<p class=\"has-helvetica-font-family has-custom-font\" style=\"font-family:Helvetica\"><\/p>\n\n\n\n<p>Baranoid, Baran\u2019\u0131n gen\u00e7li\u011finde maruz kald\u0131\u011f\u0131 agresif rock \/ nu metal m\u00fczik furyas\u0131n\u0131n, yurtd\u0131\u015f\u0131nda ya\u015faman\u0131n getirdi\u011fi T\u00fcrk\u00e7e \u00f6zlemiyle harmanlanmas\u0131d\u0131r. 2020&#8217;de yay\u0131mlanan ilk single\u2019\u0131 Ev, arkada\u015flar\u0131n\u0131n muazzam deste\u011fiyle Baran&#8217;a m\u00fczikal yolculu\u011funa devam etmesi i\u00e7in gereken motivasyonu sa\u011flad\u0131.<\/p>\n\n\n\n<p><\/p>\n\n\n\n<p>Baranoid sadece bir m\u00fczik projesi de\u011fil, bir orta ya\u015f yakar\u0131\u015f\u0131d\u0131r. Bir beyaz yakal\u0131 isyan\u0131d\u0131r. Gen\u00e7ken cesareti, ya\u015flan\u0131nca \u00f6zg\u00fcrl\u00fc\u011f\u00fc olmayanlar\u0131n i\u00e7 s\u0131k\u0131nt\u0131s\u0131d\u0131r. \u00dclke \u00f6zlemiyle yanan ama d\u00f6nd\u00fc\u011f\u00fcnde de nefes alamayanlar\u0131n, ayn\u0131 anda hem ka\u00e7mak hem de kalmak isteyenlerin sesidir. Bir kariyer plan\u0131 de\u011fil, bir varolu\u015f meselesidir.<\/p>\n\n\n\n<figure class=\"wp-block-image size-large\"><img loading=\"lazy\" decoding=\"async\" width=\"1024\" height=\"683\" src=\"https:\/\/baranoid.com\/wp-content\/uploads\/2025\/01\/DSCF0109-1-1-1024x683.jpg\" alt=\"\" class=\"wp-image-628\" srcset=\"https:\/\/baranoid.com\/wp-content\/uploads\/2025\/01\/DSCF0109-1-1-1024x683.jpg 1024w, https:\/\/baranoid.com\/wp-content\/uploads\/2025\/01\/DSCF0109-1-1-300x200.jpg 300w, https:\/\/baranoid.com\/wp-content\/uploads\/2025\/01\/DSCF0109-1-1-768x512.jpg 768w, https:\/\/baranoid.com\/wp-content\/uploads\/2025\/01\/DSCF0109-1-1-1536x1024.jpg 1536w, https:\/\/baranoid.com\/wp-content\/uploads\/2025\/01\/DSCF0109-1-1.jpg 2048w\" sizes=\"auto, (max-width: 1024px) 100vw, 1024px\" \/><figcaption class=\"wp-element-caption\">Baranoid Studios &#8211; 2025 (Currently Closed due to relocation)<\/figcaption><\/figure>\n","protected":false},"excerpt":{"rendered":"<p>Baran, 1984 \u0130zmir do\u011fumlu. M\u00fczik yapmaya 14 ya\u015flar\u0131nda s\u0131n\u0131f arkada\u015f\u0131ndan \u00f6d\u00fcn\u00e7 ald\u0131\u011f\u0131 gitar\u0131 t\u0131ng\u0131rdatarak ba\u015flad\u0131. \u00c7ok ge\u00e7meden \u0130zmir\u2019in yeralt\u0131 hardcore \/ nu metal gruplar\u0131ndan M.U.G.\u2019\u0131n vokalistli\u011fine terfi etti. Dostlar\u0131 Fatih, Melih ve Ak\u0131n ile bu maceray\u0131 6-7 y\u0131l kadar s\u00fcrd\u00fcrd\u00fcler. Baran, \u00fcniversite d\u00f6neminin bitmesi ve M.U.G.&#8217;\u0131n da\u011f\u0131lmas\u0131 ile m\u00fczik maceralar\u0131na bir s\u00fcre phoseptic grubunda ve [&hellip;]<\/p>\n","protected":false},"author":1,"featured_media":0,"parent":0,"menu_order":0,"comment_status":"closed","ping_status":"closed","template":"","meta":{"_coblocks_attr":"AntonBarlowOswaldUbuntuYrsaAsapArvo,Arial,Helvetica,,,,,,","_coblocks_dimensions":"","_coblocks_responsive_height":"","_coblocks_accordion_ie_support":"","hide_page_title":"","footnotes":""},"class_list":["post-416","page","type-page","status-publish","hentry"],"_links":{"self":[{"href":"https:\/\/baranoid.com\/index.php?rest_route=\/wp\/v2\/pages\/416","targetHints":{"allow":["GET"]}}],"collection":[{"href":"https:\/\/baranoid.com\/index.php?rest_route=\/wp\/v2\/pages"}],"about":[{"href":"https:\/\/baranoid.com\/index.php?rest_route=\/wp\/v2\/types\/page"}],"author":[{"embeddable":true,"href":"https:\/\/baranoid.com\/index.php?rest_route=\/wp\/v2\/users\/1"}],"replies":[{"embeddable":true,"href":"https:\/\/baranoid.com\/index.php?rest_route=%2Fwp%2Fv2%2Fcomments&post=416"}],"version-history":[{"count":150,"href":"https:\/\/baranoid.com\/index.php?rest_route=\/wp\/v2\/pages\/416\/revisions"}],"predecessor-version":[{"id":826,"href":"https:\/\/baranoid.com\/index.php?rest_route=\/wp\/v2\/pages\/416\/revisions\/826"}],"wp:attachment":[{"href":"https:\/\/baranoid.com\/index.php?rest_route=%2Fwp%2Fv2%2Fmedia&parent=416"}],"curies":[{"name":"wp","href":"https:\/\/api.w.org\/{rel}","templated":true}]}}