{"id":12,"date":"2023-07-28T13:08:22","date_gmt":"2023-07-28T13:08:22","guid":{"rendered":"https:\/\/baranoid.com\/home\/"},"modified":"2025-03-04T14:01:32","modified_gmt":"2025-03-04T14:01:32","slug":"home","status":"publish","type":"page","link":"https:\/\/baranoid.com\/","title":{"rendered":"Home"},"content":{"rendered":"\n<div class=\"wp-block-cover alignfull has-parallax is-cropping\" style=\"min-height:100vh;aspect-ratio:unset;\"><span aria-hidden=\"true\" class=\"wp-block-cover__background has-background-dim-10 has-background-dim\" style=\"background-color:#3a2324\"><\/span><div class=\"wp-block-cover__image-background wp-image-768 has-parallax\" style=\"background-position:50% 50%;background-image:url(https:\/\/baranoid.com\/wp-content\/uploads\/2025\/02\/candidate_3_smaller_contrast.jpeg)\"><\/div><div class=\"wp-block-cover__inner-container is-layout-flow wp-block-cover-is-layout-flow\">\n<p class=\"has-text-align-center is-style-default has-quaternary-color has-text-color has-link-color has-open-sans-font-family has-large-font-size coblocks-animate has-custom-font has-custom-lineheight wp-elements-d8f2d698ea1510ade9efdacdf5a6be77\" style=\"font-family:Open Sans;line-height:2;font-size:62px\" data-coblocks-animation=\"zoomIn\"><strong>\u0130SYAN VAR<br>\ud83d\udd25\u015e\u0130MD\u0130 YAYINDA !\ud83d\udd25<\/strong><\/p>\n\n\n\n<p style=\"text-align:center;\">\n<a href=\"https:\/\/open.spotify.com\/artist\/6wvuOwhJ6Mer0ACAz7qCIv?si=WhfnWfmNTpSKMLmvICrd2Q\">\n  <img decoding=\"async\" src=\"https:\/\/baranoid.com\/wp-content\/uploads\/2023\/11\/listen-on-spotify-button.png\"\nstyle=\"display: inline-block; overflow: hidden; border-radius: 13px; width: 260px; height: 95px;\">\n<\/a><\/p>\n\n\n\n<p style=\"text-align:center;\">\n<a href=\"https:\/\/music.apple.com\/us\/artist\/baranoid\/1512946210?itsct=music_box_link&#038;itscg=30200&#038;ls=1&#038;app=music\">\n  <img decoding=\"async\" src=\"https:\/\/baranoid.com\/wp-content\/uploads\/2023\/07\/listen-on-apple-music-badge.png\"\nstyle=\"display: inline-block; overflow: hidden; border-radius: 13px; width: 260px; height: 92px;\">\n<\/a><\/p>\n\n\n\n<p style=\"text-align:center;\">\n<a href=\"https:\/\/www.youtube.com\/watch?v=7CSl-IIEqk0\">\n  <img decoding=\"async\" src=\"https:\/\/baranoid.com\/wp-content\/uploads\/2025\/02\/youtube_logo.png\"\nstyle=\"display: inline-block; overflow: hidden; border-radius: 13px; width: 260px; height: 96px;\">\n<\/a><\/p>\n<\/div><\/div>\n\n\n\n<p><\/p>\n","protected":false},"excerpt":{"rendered":"","protected":false},"author":0,"featured_media":0,"parent":0,"menu_order":0,"comment_status":"closed","ping_status":"closed","template":"","meta":{"_coblocks_attr":"Open Sans","_coblocks_dimensions":"","_coblocks_responsive_height":"","_coblocks_accordion_ie_support":"","hide_page_title":"","footnotes":""},"class_list":["post-12","page","type-page","status-publish","hentry"],"_links":{"self":[{"href":"https:\/\/baranoid.com\/index.php?rest_route=\/wp\/v2\/pages\/12","targetHints":{"allow":["GET"]}}],"collection":[{"href":"https:\/\/baranoid.com\/index.php?rest_route=\/wp\/v2\/pages"}],"about":[{"href":"https:\/\/baranoid.com\/index.php?rest_route=\/wp\/v2\/types\/page"}],"replies":[{"embeddable":true,"href":"https:\/\/baranoid.com\/index.php?rest_route=%2Fwp%2Fv2%2Fcomments&post=12"}],"version-history":[{"count":41,"href":"https:\/\/baranoid.com\/index.php?rest_route=\/wp\/v2\/pages\/12\/revisions"}],"predecessor-version":[{"id":804,"href":"https:\/\/baranoid.com\/index.php?rest_route=\/wp\/v2\/pages\/12\/revisions\/804"}],"wp:attachment":[{"href":"https:\/\/baranoid.com\/index.php?rest_route=%2Fwp%2Fv2%2Fmedia&parent=12"}],"curies":[{"name":"wp","href":"https:\/\/api.w.org\/{rel}","templated":true}]}}